{"id":676,"date":"2021-03-01T20:29:45","date_gmt":"2021-03-01T17:29:45","guid":{"rendered":"http:\/\/ahmedelsherbiny.com\/?page_id=676"},"modified":"2025-03-09T02:08:05","modified_gmt":"2025-03-08T23:08:05","slug":"%d8%a7%d9%84%d8%a3%d9%82%d8%b1%d8%a7%d8%b1%d8%a7%d8%aa","status":"publish","type":"page","link":"https:\/\/ahmedelsherbiny.com\/tr\/%d8%a7%d9%84%d8%a3%d9%82%d8%b1%d8%a7%d8%b1%d8%a7%d8%aa\/","title":{"rendered":"(\u0627\u0644\u0639\u0631\u0628\u064a\u0629) \u0627\u0644\u0623\u0642\u0631\u0627\u0631\u0627\u062a"},"content":{"rendered":"<p><\/p>\n<p style=\"text-align: left;\">Ger\u00e7ek ki\u015filerin toplam net geliri \u00fczerinden vergi beyannamesi &#8211; hesaplamalarla desteklenmez<br \/>\nGer\u00e7ek ki\u015filerin toplam net geliri \u00fczerinden vergi beyannamesi &#8211; hesaplar taraf\u0131ndan desteklenmeyen &#8211; arabalar<br \/>\nGer\u00e7ek ki\u015filerin toplam net geliri \u00fczerinden vergi iadesi yapmak<br \/>\nGayrimenkul serveti \/ hesaplar\u0131 ile desteklenen ticari, s\u0131nai ve mesleki faaliyetlerin karlar\u0131 i\u00e7in<br \/>\nGayrimenkul serveti \/ hesaplar\u0131 ile desteklenen ticari, s\u0131nai ve mesleki faaliyetlerden elde edilen karlar i\u00e7in ger\u00e7ek ki\u015filerin toplam net geliri \u00fczerinden vergi beyannamesi<\/p>\n<p><\/p>","protected":false},"excerpt":{"rendered":"<p>Ger\u00e7ek ki\u015filerin toplam net geliri \u00fczerinden vergi beyannamesi &#8211; hesaplamalarla desteklenmez Ger\u00e7ek ki\u015filerin toplam net geliri \u00fczerinden vergi beyannamesi &#8211; hesaplar taraf\u0131ndan desteklenmeyen &#8211; arabalar Ger\u00e7ek ki\u015filerin toplam net geliri \u00fczerinden vergi iadesi yapmak Gayrimenkul serveti \/ hesaplar\u0131 ile desteklenen ticari, s\u0131nai ve mesleki faaliyetlerin karlar\u0131 i\u00e7in Gayrimenkul serveti \/ hesaplar\u0131 ile desteklenen ticari, s\u0131nai [&hellip;]<\/p>\n","protected":false},"author":1,"featured_media":0,"parent":0,"menu_order":0,"comment_status":"closed","ping_status":"closed","template":"","meta":{"footnotes":""},"class_list":["post-676","page","type-page","status-publish","hentry"],"_links":{"self":[{"href":"https:\/\/ahmedelsherbiny.com\/tr\/wp-json\/wp\/v2\/pages\/676","targetHints":{"allow":["GET"]}}],"collection":[{"href":"https:\/\/ahmedelsherbiny.com\/tr\/wp-json\/wp\/v2\/pages"}],"about":[{"href":"https:\/\/ahmedelsherbiny.com\/tr\/wp-json\/wp\/v2\/types\/page"}],"author":[{"embeddable":true,"href":"https:\/\/ahmedelsherbiny.com\/tr\/wp-json\/wp\/v2\/users\/1"}],"replies":[{"embeddable":true,"href":"https:\/\/ahmedelsherbiny.com\/tr\/wp-json\/wp\/v2\/comments?post=676"}],"version-history":[{"count":5,"href":"https:\/\/ahmedelsherbiny.com\/tr\/wp-json\/wp\/v2\/pages\/676\/revisions"}],"predecessor-version":[{"id":12389,"href":"https:\/\/ahmedelsherbiny.com\/tr\/wp-json\/wp\/v2\/pages\/676\/revisions\/12389"}],"wp:attachment":[{"href":"https:\/\/ahmedelsherbiny.com\/tr\/wp-json\/wp\/v2\/media?parent=676"}],"curies":[{"name":"wp","href":"https:\/\/api.w.org\/{rel}","templated":true}]}}